{"id":1362,"date":"2023-10-12T14:31:28","date_gmt":"2023-10-12T12:31:28","guid":{"rendered":"https:\/\/coworking-alloburonco.com\/?page_id=1362"},"modified":"2023-11-27T16:12:24","modified_gmt":"2023-11-27T15:12:24","slug":"nos-evenements","status":"publish","type":"page","link":"https:\/\/coworking-alloburonco.com\/index.php\/nos-evenements\/","title":{"rendered":"NOS EVENEMENTS"},"content":{"rendered":"\t\t<div data-elementor-type=\"wp-page\" data-elementor-id=\"1362\" class=\"elementor elementor-1362\">\n\t\t\t\t\t\t<section class=\"elementor-section elementor-top-section elementor-element elementor-element-693cfee0 elementor-section-content-middle elementor-reverse-mobile elementor-section-stretched elementor-section-boxed elementor-section-height-default elementor-section-height-default\" data-id=\"693cfee0\" data-element_type=\"section\" data-settings=\"{&quot;stretch_section&quot;:&quot;section-stretched&quot;}\">\n\t\t\t\t\t\t<div class=\"elementor-container elementor-column-gap-default\">\n\t\t\t\t\t<div class=\"elementor-column elementor-col-50 elementor-top-column elementor-element elementor-element-34198b5e\" data-id=\"34198b5e\" data-element_type=\"column\">\n\t\t\t<div class=\"elementor-widget-wrap elementor-element-populated\">\n\t\t\t\t\t\t<div class=\"elementor-element elementor-element-32c2815d elementor-widget elementor-widget-heading\" data-id=\"32c2815d\" data-element_type=\"widget\" data-widget_type=\"heading.default\">\n\t\t\t\t<div class=\"elementor-widget-container\">\n\t\t\t\t\t<h3 class=\"elementor-heading-title elementor-size-default\">Ouverture Allo Buro N'Co<\/h3>\t\t\t\t<\/div>\n\t\t\t\t<\/div>\n\t\t\t\t<div class=\"elementor-element elementor-element-61111c7d elementor-widget elementor-widget-text-editor\" data-id=\"61111c7d\" data-element_type=\"widget\" data-widget_type=\"text-editor.default\">\n\t\t\t\t<div class=\"elementor-widget-container\">\n\t\t\t\t\t\t\t\t\t<p><em><strong>Votre espace de coworking ouvre le <span style=\"text-decoration: underline;\">02\u00a0 FEVRIER 2024\u00a0<\/span><\/strong><\/em><\/p><div>Suivez-nous pour l&rsquo;annonce de l&rsquo;inauguration<\/div>\t\t\t\t\t\t\t\t<\/div>\n\t\t\t\t<\/div>\n\t\t\t\t<div class=\"elementor-element elementor-element-52c7230 elementor-align-left elementor-mobile-align-center elementor-widget elementor-widget-button\" data-id=\"52c7230\" data-element_type=\"widget\" data-widget_type=\"button.default\">\n\t\t\t\t<div class=\"elementor-widget-container\">\n\t\t\t\t\t\t\t\t\t<div class=\"elementor-button-wrapper\">\n\t\t\t\t\t<a class=\"elementor-button elementor-button-link elementor-size-md\" href=\"https:\/\/coworking-alloburonco.com\/index.php\/ouverture\/\">\n\t\t\t\t\t\t<span class=\"elementor-button-content-wrapper\">\n\t\t\t\t\t\t<span class=\"elementor-button-icon\">\n\t\t\t\t<i aria-hidden=\"true\" class=\"fas fa-angle-double-right\"><\/i>\t\t\t<\/span>\n\t\t\t\t\t\t\t\t\t<span class=\"elementor-button-text\">Lire la suite<\/span>\n\t\t\t\t\t<\/span>\n\t\t\t\t\t<\/a>\n\t\t\t\t<\/div>\n\t\t\t\t\t\t\t\t<\/div>\n\t\t\t\t<\/div>\n\t\t\t\t\t<\/div>\n\t\t<\/div>\n\t\t\t\t<div class=\"elementor-column elementor-col-50 elementor-top-column elementor-element elementor-element-1fcdb844\" data-id=\"1fcdb844\" data-element_type=\"column\">\n\t\t\t<div class=\"elementor-widget-wrap elementor-element-populated\">\n\t\t\t\t\t\t<div class=\"elementor-element elementor-element-113f2b78 elementor-widget elementor-widget-image\" data-id=\"113f2b78\" data-element_type=\"widget\" data-widget_type=\"image.default\">\n\t\t\t\t<div class=\"elementor-widget-container\">\n\t\t\t\t\t\t\t\t\t\t\t\t\t\t\t<img fetchpriority=\"high\" decoding=\"async\" width=\"512\" height=\"512\" src=\"https:\/\/coworking-alloburonco.com\/wp-content\/uploads\/2023\/10\/cropped-logo-Gaspard-MONGE-1.png\" class=\"attachment-full size-full wp-image-1643\" alt=\"\" srcset=\"https:\/\/coworking-alloburonco.com\/wp-content\/uploads\/2023\/10\/cropped-logo-Gaspard-MONGE-1.png 512w, https:\/\/coworking-alloburonco.com\/wp-content\/uploads\/2023\/10\/cropped-logo-Gaspard-MONGE-1-300x300.png 300w, https:\/\/coworking-alloburonco.com\/wp-content\/uploads\/2023\/10\/cropped-logo-Gaspard-MONGE-1-150x150.png 150w, https:\/\/coworking-alloburonco.com\/wp-content\/uploads\/2023\/10\/cropped-logo-Gaspard-MONGE-1-100x100.png 100w, https:\/\/coworking-alloburonco.com\/wp-content\/uploads\/2023\/10\/cropped-logo-Gaspard-MONGE-1-270x270.png 270w, https:\/\/coworking-alloburonco.com\/wp-content\/uploads\/2023\/10\/cropped-logo-Gaspard-MONGE-1-192x192.png 192w, https:\/\/coworking-alloburonco.com\/wp-content\/uploads\/2023\/10\/cropped-logo-Gaspard-MONGE-1-180x180.png 180w, https:\/\/coworking-alloburonco.com\/wp-content\/uploads\/2023\/10\/cropped-logo-Gaspard-MONGE-1-32x32.png 32w\" sizes=\"100vw\" \/>\t\t\t\t\t\t\t\t\t\t\t\t\t\t\t<\/div>\n\t\t\t\t<\/div>\n\t\t\t\t\t<\/div>\n\t\t<\/div>\n\t\t\t\t\t<\/div>\n\t\t<\/section>\n\t\t\t\t<section class=\"elementor-section elementor-top-section elementor-element elementor-element-a69521a elementor-section-content-middle elementor-reverse-mobile elementor-section-stretched elementor-section-boxed elementor-section-height-default elementor-section-height-default\" data-id=\"a69521a\" data-element_type=\"section\" data-settings=\"{&quot;stretch_section&quot;:&quot;section-stretched&quot;}\">\n\t\t\t\t\t\t\t<div class=\"elementor-background-overlay\"><\/div>\n\t\t\t\t\t\t\t<div class=\"elementor-container elementor-column-gap-default\">\n\t\t\t\t\t<div class=\"elementor-column elementor-col-50 elementor-top-column elementor-element elementor-element-3ffc209\" data-id=\"3ffc209\" data-element_type=\"column\">\n\t\t\t<div class=\"elementor-widget-wrap elementor-element-populated\">\n\t\t\t\t\t\t<div class=\"elementor-element elementor-element-e9affae elementor-widget elementor-widget-heading\" data-id=\"e9affae\" data-element_type=\"widget\" data-widget_type=\"heading.default\">\n\t\t\t\t<div class=\"elementor-widget-container\">\n\t\t\t\t\t<h3 class=\"elementor-heading-title elementor-size-default\">Allo Buro N'Co<\/h3>\t\t\t\t<\/div>\n\t\t\t\t<\/div>\n\t\t\t\t<div class=\"elementor-element elementor-element-af96a6f elementor-widget elementor-widget-text-editor\" data-id=\"af96a6f\" data-element_type=\"widget\" data-widget_type=\"text-editor.default\">\n\t\t\t\t<div class=\"elementor-widget-container\">\n\t\t\t\t\t\t\t\t\t<h4><span style=\"color: #ffffff;\"><strong>Des am\u00e9nagements attractifs, con\u00e7us pour la collaboration et le d\u00e9veloppement de votre r\u00e9seau professionnel<\/strong><\/span><\/h4>\t\t\t\t\t\t\t\t<\/div>\n\t\t\t\t<\/div>\n\t\t\t\t<div class=\"elementor-element elementor-element-6ef1c25 elementor-widget elementor-widget-text-editor\" data-id=\"6ef1c25\" data-element_type=\"widget\" data-widget_type=\"text-editor.default\">\n\t\t\t\t<div class=\"elementor-widget-container\">\n\t\t\t\t\t\t\t\t\t<p><span style=\"color: #999999;\">Valence nord une implantation strat\u00e9gique :<\/span><\/p><ul><li><span style=\"color: #999999;\">Gare TGV \u00e0 10mn<\/span><\/li><li><span style=\"color: #999999;\">Sortie A7 \u00e0 5mn<\/span><\/li><li><span style=\"color: #999999;\">Arr\u00eat Bus 30m<\/span><\/li><li>Centre de la France<\/li><\/ul><p><span style=\"color: #999999;\">De nombreux h\u00f4tels \u00e0 moins de 10 mn d\u2019Allo Buro n\u2019Co\u00a0<\/span><\/p>\t\t\t\t\t\t\t\t<\/div>\n\t\t\t\t<\/div>\n\t\t\t\t<div class=\"elementor-element elementor-element-d439542 elementor-align-left elementor-mobile-align-center elementor-widget elementor-widget-button\" data-id=\"d439542\" data-element_type=\"widget\" data-widget_type=\"button.default\">\n\t\t\t\t<div class=\"elementor-widget-container\">\n\t\t\t\t\t\t\t\t\t<div class=\"elementor-button-wrapper\">\n\t\t\t\t\t<a class=\"elementor-button elementor-button-link elementor-size-md\" href=\"https:\/\/coworking-alloburonco.com\/index.php\/contact\/\">\n\t\t\t\t\t\t<span class=\"elementor-button-content-wrapper\">\n\t\t\t\t\t\t<span class=\"elementor-button-icon\">\n\t\t\t\t<i aria-hidden=\"true\" class=\"fas fa-angle-double-right\"><\/i>\t\t\t<\/span>\n\t\t\t\t\t\t\t\t\t<span class=\"elementor-button-text\">Contact<\/span>\n\t\t\t\t\t<\/span>\n\t\t\t\t\t<\/a>\n\t\t\t\t<\/div>\n\t\t\t\t\t\t\t\t<\/div>\n\t\t\t\t<\/div>\n\t\t\t\t<div class=\"elementor-element elementor-element-8fa9866 elementor-shape-rounded elementor-grid-0 e-grid-align-center elementor-widget elementor-widget-social-icons\" data-id=\"8fa9866\" data-element_type=\"widget\" data-widget_type=\"social-icons.default\">\n\t\t\t\t<div class=\"elementor-widget-container\">\n\t\t\t\t\t\t\t<div class=\"elementor-social-icons-wrapper elementor-grid\" role=\"list\">\n\t\t\t\t\t\t\t<span class=\"elementor-grid-item\" role=\"listitem\">\n\t\t\t\t\t<a class=\"elementor-icon elementor-social-icon elementor-social-icon-facebook elementor-repeater-item-7004240\" href=\"https:\/\/www.facebook.com\/alloburonco\" target=\"_blank\">\n\t\t\t\t\t\t<span class=\"elementor-screen-only\">Facebook<\/span>\n\t\t\t\t\t\t<i class=\"fab fa-facebook\"><\/i>\t\t\t\t\t<\/a>\n\t\t\t\t<\/span>\n\t\t\t\t\t\t\t<span class=\"elementor-grid-item\" role=\"listitem\">\n\t\t\t\t\t<a class=\"elementor-icon elementor-social-icon elementor-social-icon-linkedin elementor-repeater-item-10c9ea4\" target=\"_blank\">\n\t\t\t\t\t\t<span class=\"elementor-screen-only\">Linkedin<\/span>\n\t\t\t\t\t\t<i class=\"fab fa-linkedin\"><\/i>\t\t\t\t\t<\/a>\n\t\t\t\t<\/span>\n\t\t\t\t\t\t\t<span class=\"elementor-grid-item\" role=\"listitem\">\n\t\t\t\t\t<a class=\"elementor-icon elementor-social-icon elementor-social-icon-instagram elementor-repeater-item-1cfc8e3\" href=\"https:\/\/www.instagram.com\/allo.buro.n.co\/?igshid=OGQ5ZDc2ODk2ZA%3D%3D\" target=\"_blank\">\n\t\t\t\t\t\t<span class=\"elementor-screen-only\">Instagram<\/span>\n\t\t\t\t\t\t<i class=\"fab fa-instagram\"><\/i>\t\t\t\t\t<\/a>\n\t\t\t\t<\/span>\n\t\t\t\t\t<\/div>\n\t\t\t\t\t\t<\/div>\n\t\t\t\t<\/div>\n\t\t\t\t\t<\/div>\n\t\t<\/div>\n\t\t\t\t<div class=\"elementor-column elementor-col-50 elementor-top-column elementor-element elementor-element-25b678f\" data-id=\"25b678f\" data-element_type=\"column\">\n\t\t\t<div class=\"elementor-widget-wrap elementor-element-populated\">\n\t\t\t\t\t\t<div class=\"elementor-element elementor-element-e0a9ca9 elementor-widget elementor-widget-heading\" data-id=\"e0a9ca9\" data-element_type=\"widget\" data-widget_type=\"heading.default\">\n\t\t\t\t<div class=\"elementor-widget-container\">\n\t\t\t\t\t<h2 class=\"elementor-heading-title elementor-size-default\">Nos solutions<\/h2>\t\t\t\t<\/div>\n\t\t\t\t<\/div>\n\t\t\t\t<div class=\"elementor-element elementor-element-f63c386 elementor-widget elementor-widget-text-editor\" data-id=\"f63c386\" data-element_type=\"widget\" data-widget_type=\"text-editor.default\">\n\t\t\t\t<div class=\"elementor-widget-container\">\n\t\t\t\t\t\t\t\t\t<ul><li><span style=\"color: #ffffff;\"><a style=\"color: #ffffff;\" href=\"https:\/\/coworking-alloburonco.com\/index.php\/tarifs\/\">Bureau priv\u00e9<\/a><\/span><\/li><li><span style=\"color: #ffffff;\"><a style=\"color: #ffffff;\" href=\"https:\/\/coworking-alloburonco.com\/index.php\/tarifs\/\">Bureau priv\u00e9 partag\u00e9<\/a><\/span><\/li><li><span style=\"color: #ffffff;\"><a style=\"color: #ffffff;\" href=\"https:\/\/coworking-alloburonco.com\/index.php\/tarifs\/\">Coworking Nomade<\/a><\/span><\/li><li><span style=\"color: #ffffff;\"><a style=\"color: #ffffff;\" href=\"https:\/\/coworking-alloburonco.com\/index.php\/les-salles\/\">Salle de r\u00e9union &amp; Formation<\/a><\/span><\/li><li><span style=\"color: #ffffff;\"><a style=\"color: #ffffff;\" href=\"https:\/\/coworking-alloburonco.com\/index.php\/tarifs\/\">Amphith\u00e9\u00e2tre\u00a0<\/a><\/span><\/li><\/ul>\t\t\t\t\t\t\t\t<\/div>\n\t\t\t\t<\/div>\n\t\t\t\t<div class=\"elementor-element elementor-element-0739962 elementor-widget elementor-widget-google_maps\" data-id=\"0739962\" data-element_type=\"widget\" data-widget_type=\"google_maps.default\">\n\t\t\t\t<div class=\"elementor-widget-container\">\n\t\t\t\t\t\t\t<div class=\"elementor-custom-embed\">\n\t\t\t<iframe loading=\"lazy\"\n\t\t\t\t\tsrc=\"https:\/\/maps.google.com\/maps?q=13%20rue%20gaspard%20monge%20bourg%20les%20valence%20france&#038;t=m&#038;z=10&#038;output=embed&#038;iwloc=near\"\n\t\t\t\t\ttitle=\"13 rue gaspard monge bourg les valence france\"\n\t\t\t\t\taria-label=\"13 rue gaspard monge bourg les valence france\"\n\t\t\t><\/iframe>\n\t\t<\/div>\n\t\t\t\t\t\t<\/div>\n\t\t\t\t<\/div>\n\t\t\t\t\t<\/div>\n\t\t<\/div>\n\t\t\t\t\t<\/div>\n\t\t<\/section>\n\t\t\t\t<\/div>\n\t\t","protected":false},"excerpt":{"rendered":"<p>Ouverture Allo Buro N&rsquo;Co Votre espace de coworking ouvre le 02\u00a0 FEVRIER 2024\u00a0 Suivez-nous pour l&rsquo;annonce de l&rsquo;inauguration Lire la suite Allo Buro N&rsquo;Co Des am\u00e9nagements attractifs, con\u00e7us pour la collaboration et le d\u00e9veloppement de votre r\u00e9seau professionnel Valence nord une implantation strat\u00e9gique : Gare TGV \u00e0 10mn Sortie A7 \u00e0 5mn Arr\u00eat Bus 30m &hellip; <\/p>\n<p class=\"link-more\"><a href=\"https:\/\/coworking-alloburonco.com\/index.php\/nos-evenements\/\" class=\"more-link\">Continuer la lecture<span class=\"screen-reader-text\"> de &laquo;&nbsp;NOS EVENEMENTS&nbsp;&raquo;<\/span><\/a><\/p>\n","protected":false},"author":1,"featured_media":0,"parent":0,"menu_order":0,"comment_status":"closed","ping_status":"closed","template":"","meta":{"jetpack_post_was_ever_published":false,"footnotes":""},"class_list":["post-1362","page","type-page","status-publish","hentry"],"aioseo_notices":[],"jetpack_sharing_enabled":true,"_links":{"self":[{"href":"https:\/\/coworking-alloburonco.com\/index.php\/wp-json\/wp\/v2\/pages\/1362","targetHints":{"allow":["GET"]}}],"collection":[{"href":"https:\/\/coworking-alloburonco.com\/index.php\/wp-json\/wp\/v2\/pages"}],"about":[{"href":"https:\/\/coworking-alloburonco.com\/index.php\/wp-json\/wp\/v2\/types\/page"}],"author":[{"embeddable":true,"href":"https:\/\/coworking-alloburonco.com\/index.php\/wp-json\/wp\/v2\/users\/1"}],"replies":[{"embeddable":true,"href":"https:\/\/coworking-alloburonco.com\/index.php\/wp-json\/wp\/v2\/comments?post=1362"}],"version-history":[{"count":16,"href":"https:\/\/coworking-alloburonco.com\/index.php\/wp-json\/wp\/v2\/pages\/1362\/revisions"}],"predecessor-version":[{"id":2005,"href":"https:\/\/coworking-alloburonco.com\/index.php\/wp-json\/wp\/v2\/pages\/1362\/revisions\/2005"}],"wp:attachment":[{"href":"https:\/\/coworking-alloburonco.com\/index.php\/wp-json\/wp\/v2\/media?parent=1362"}],"curies":[{"name":"wp","href":"https:\/\/api.w.org\/{rel}","templated":true}]}}