{"id":1398,"date":"2023-10-19T14:43:14","date_gmt":"2023-10-19T12:43:14","guid":{"rendered":"https:\/\/coworking-alloburonco.com\/?page_id=1398"},"modified":"2023-10-25T16:22:47","modified_gmt":"2023-10-25T14:22:47","slug":"bureau-26","status":"publish","type":"page","link":"https:\/\/coworking-alloburonco.com\/index.php\/bureau-26\/","title":{"rendered":"Bureau 26"},"content":{"rendered":"\t\t<div data-elementor-type=\"wp-page\" data-elementor-id=\"1398\" class=\"elementor elementor-1398\">\n\t\t\t\t\t\t<section class=\"elementor-section elementor-top-section elementor-element elementor-element-3bf3f860 elementor-section-content-middle elementor-reverse-mobile elementor-section-stretched elementor-section-boxed elementor-section-height-default elementor-section-height-default\" data-id=\"3bf3f860\" data-element_type=\"section\" data-settings=\"{&quot;stretch_section&quot;:&quot;section-stretched&quot;}\">\n\t\t\t\t\t\t<div class=\"elementor-container elementor-column-gap-default\">\n\t\t\t\t\t<div class=\"elementor-column elementor-col-50 elementor-top-column elementor-element elementor-element-5b35e375\" data-id=\"5b35e375\" data-element_type=\"column\">\n\t\t\t<div class=\"elementor-widget-wrap elementor-element-populated\">\n\t\t\t\t\t\t<div class=\"elementor-element elementor-element-52df18a9 elementor-widget elementor-widget-heading\" data-id=\"52df18a9\" data-element_type=\"widget\" data-widget_type=\"heading.default\">\n\t\t\t\t<div class=\"elementor-widget-container\">\n\t\t\t\t\t<h3 class=\"elementor-heading-title elementor-size-default\">BUREAU PREMIUM<\/h3>\t\t\t\t<\/div>\n\t\t\t\t<\/div>\n\t\t\t\t<div class=\"elementor-element elementor-element-6f1bd404 elementor-widget elementor-widget-text-editor\" data-id=\"6f1bd404\" data-element_type=\"widget\" data-widget_type=\"text-editor.default\">\n\t\t\t\t<div class=\"elementor-widget-container\">\n\t\t\t\t\t\t\t\t\t<p><strong>Espace ferm\u00e9<\/strong><br \/>Bureau 1 poste (Selon disponibilit\u00e9)<br \/>Semestre et + (2700 \u20acHT)<br \/>Trimestriel ( 1485 \u20ac HT)<br \/>Mensuel (Prix 550 HT)<br \/>Semaine (Prix 200 HT)<br \/>Journ\u00e9e (Prix 60 HT)<\/p><p>&#8211; Armoire de rangement<br \/>&#8211; Expos\u00e9 Est<br \/>&#8211; Climatis\u00e9<br \/>&#8211; Lumineux<\/p>\t\t\t\t\t\t\t\t<\/div>\n\t\t\t\t<\/div>\n\t\t\t\t<div class=\"elementor-element elementor-element-2d2c0c20 elementor-align-left elementor-mobile-align-center elementor-widget elementor-widget-button\" data-id=\"2d2c0c20\" data-element_type=\"widget\" data-widget_type=\"button.default\">\n\t\t\t\t<div class=\"elementor-widget-container\">\n\t\t\t\t\t\t\t\t\t<div class=\"elementor-button-wrapper\">\n\t\t\t\t\t<a class=\"elementor-button elementor-size-md\" role=\"button\">\n\t\t\t\t\t\t<span class=\"elementor-button-content-wrapper\">\n\t\t\t\t\t\t<span class=\"elementor-button-icon\">\n\t\t\t\t<i aria-hidden=\"true\" class=\"fas fa-angle-double-right\"><\/i>\t\t\t<\/span>\n\t\t\t\t\t\t\t\t\t<span class=\"elementor-button-text\">R\u00e9servation<\/span>\n\t\t\t\t\t<\/span>\n\t\t\t\t\t<\/a>\n\t\t\t\t<\/div>\n\t\t\t\t\t\t\t\t<\/div>\n\t\t\t\t<\/div>\n\t\t\t\t\t<\/div>\n\t\t<\/div>\n\t\t\t\t<div class=\"elementor-column elementor-col-50 elementor-top-column elementor-element elementor-element-75bbf577\" data-id=\"75bbf577\" data-element_type=\"column\">\n\t\t\t<div class=\"elementor-widget-wrap elementor-element-populated\">\n\t\t\t\t\t\t<div class=\"elementor-element elementor-element-1f045a0c elementor-widget elementor-widget-image\" data-id=\"1f045a0c\" data-element_type=\"widget\" data-widget_type=\"image.default\">\n\t\t\t\t<div class=\"elementor-widget-container\">\n\t\t\t\t\t\t\t\t\t\t\t\t\t\t\t<img fetchpriority=\"high\" decoding=\"async\" width=\"299\" height=\"168\" src=\"https:\/\/coworking-alloburonco.com\/wp-content\/uploads\/2023\/10\/images-1.jpg\" class=\"attachment-full size-full wp-image-1303\" alt=\"\" sizes=\"100vw\" \/>\t\t\t\t\t\t\t\t\t\t\t\t\t\t\t<\/div>\n\t\t\t\t<\/div>\n\t\t\t\t\t<\/div>\n\t\t<\/div>\n\t\t\t\t\t<\/div>\n\t\t<\/section>\n\t\t\t\t<\/div>\n\t\t","protected":false},"excerpt":{"rendered":"<p>BUREAU PREMIUM Espace ferm\u00e9Bureau 1 poste (Selon disponibilit\u00e9)Semestre et + (2700 \u20acHT)Trimestriel ( 1485 \u20ac HT)Mensuel (Prix 550 HT)Semaine (Prix 200 HT)Journ\u00e9e (Prix 60 HT) &#8211; Armoire de rangement&#8211; Expos\u00e9 Est&#8211; Climatis\u00e9&#8211; Lumineux R\u00e9servation<\/p>\n","protected":false},"author":1,"featured_media":0,"parent":0,"menu_order":0,"comment_status":"closed","ping_status":"closed","template":"","meta":{"jetpack_post_was_ever_published":false,"footnotes":""},"class_list":["post-1398","page","type-page","status-publish","hentry"],"aioseo_notices":[],"jetpack_sharing_enabled":true,"_links":{"self":[{"href":"https:\/\/coworking-alloburonco.com\/index.php\/wp-json\/wp\/v2\/pages\/1398","targetHints":{"allow":["GET"]}}],"collection":[{"href":"https:\/\/coworking-alloburonco.com\/index.php\/wp-json\/wp\/v2\/pages"}],"about":[{"href":"https:\/\/coworking-alloburonco.com\/index.php\/wp-json\/wp\/v2\/types\/page"}],"author":[{"embeddable":true,"href":"https:\/\/coworking-alloburonco.com\/index.php\/wp-json\/wp\/v2\/users\/1"}],"replies":[{"embeddable":true,"href":"https:\/\/coworking-alloburonco.com\/index.php\/wp-json\/wp\/v2\/comments?post=1398"}],"version-history":[{"count":10,"href":"https:\/\/coworking-alloburonco.com\/index.php\/wp-json\/wp\/v2\/pages\/1398\/revisions"}],"predecessor-version":[{"id":1665,"href":"https:\/\/coworking-alloburonco.com\/index.php\/wp-json\/wp\/v2\/pages\/1398\/revisions\/1665"}],"wp:attachment":[{"href":"https:\/\/coworking-alloburonco.com\/index.php\/wp-json\/wp\/v2\/media?parent=1398"}],"curies":[{"name":"wp","href":"https:\/\/api.w.org\/{rel}","templated":true}]}}