{"id":1424,"date":"2023-10-19T15:17:53","date_gmt":"2023-10-19T13:17:53","guid":{"rendered":"https:\/\/coworking-alloburonco.com\/?page_id=1424"},"modified":"2023-10-19T15:19:34","modified_gmt":"2023-10-19T13:19:34","slug":"bureau-n7-8-11-12-13-14-28-31","status":"publish","type":"page","link":"https:\/\/coworking-alloburonco.com\/index.php\/bureau-n7-8-11-12-13-14-28-31\/","title":{"rendered":"Bureau N\u00b07\/8\/11\/12\/13\/14\/28\/31"},"content":{"rendered":"\t\t<div data-elementor-type=\"wp-page\" data-elementor-id=\"1424\" class=\"elementor elementor-1424\">\n\t\t\t\t\t\t<section class=\"elementor-section elementor-top-section elementor-element elementor-element-2b7233f elementor-section-content-middle elementor-reverse-mobile elementor-section-stretched elementor-section-boxed elementor-section-height-default elementor-section-height-default\" data-id=\"2b7233f\" data-element_type=\"section\" data-settings=\"{&quot;stretch_section&quot;:&quot;section-stretched&quot;}\">\n\t\t\t\t\t\t<div class=\"elementor-container elementor-column-gap-default\">\n\t\t\t\t\t<div class=\"elementor-column elementor-col-50 elementor-top-column elementor-element elementor-element-c5df9fb\" data-id=\"c5df9fb\" data-element_type=\"column\">\n\t\t\t<div class=\"elementor-widget-wrap elementor-element-populated\">\n\t\t\t\t\t\t<div class=\"elementor-element elementor-element-155663f elementor-widget elementor-widget-heading\" data-id=\"155663f\" data-element_type=\"widget\" data-widget_type=\"heading.default\">\n\t\t\t\t<div class=\"elementor-widget-container\">\n\t\t\t\t\t<h3 class=\"elementor-heading-title elementor-size-default\">BUREAU PREMIUM<\/h3>\t\t\t\t<\/div>\n\t\t\t\t<\/div>\n\t\t\t\t<div class=\"elementor-element elementor-element-d248a60 elementor-widget elementor-widget-text-editor\" data-id=\"d248a60\" data-element_type=\"widget\" data-widget_type=\"text-editor.default\">\n\t\t\t\t<div class=\"elementor-widget-container\">\n\t\t\t\t\t\t\t\t\t<p><em><strong>Bureau ferm\u00e9<\/strong><\/em><\/p><p>Bureau 2 postes<br \/>Semestre (4100 \u20ac HT)<br \/>Trimestre (2200 \u20ac HT)<br \/>Mensuel (Prix 840 HT)<br \/>Semaine (Prix 240 HT)<br \/>Journ\u00e9e (Prix 65 HT)<\/p><p>Armoire de rangement<br \/>Expos\u00e9 Est<br \/>Climatis\u00e9<br \/>Tr\u00e8s lumineux<\/p>\t\t\t\t\t\t\t\t<\/div>\n\t\t\t\t<\/div>\n\t\t\t\t<div class=\"elementor-element elementor-element-deaaea3 elementor-align-left elementor-mobile-align-center elementor-widget elementor-widget-button\" data-id=\"deaaea3\" data-element_type=\"widget\" data-widget_type=\"button.default\">\n\t\t\t\t<div class=\"elementor-widget-container\">\n\t\t\t\t\t\t\t\t\t<div class=\"elementor-button-wrapper\">\n\t\t\t\t\t<a class=\"elementor-button elementor-size-md\" role=\"button\">\n\t\t\t\t\t\t<span class=\"elementor-button-content-wrapper\">\n\t\t\t\t\t\t<span class=\"elementor-button-icon\">\n\t\t\t\t<i aria-hidden=\"true\" class=\"fas fa-angle-double-right\"><\/i>\t\t\t<\/span>\n\t\t\t\t\t\t\t\t\t<span class=\"elementor-button-text\">R\u00e9\u00e9servation<\/span>\n\t\t\t\t\t<\/span>\n\t\t\t\t\t<\/a>\n\t\t\t\t<\/div>\n\t\t\t\t\t\t\t\t<\/div>\n\t\t\t\t<\/div>\n\t\t\t\t\t<\/div>\n\t\t<\/div>\n\t\t\t\t<div class=\"elementor-column elementor-col-50 elementor-top-column elementor-element elementor-element-a6ad755\" data-id=\"a6ad755\" data-element_type=\"column\">\n\t\t\t<div class=\"elementor-widget-wrap elementor-element-populated\">\n\t\t\t\t\t\t<div class=\"elementor-element elementor-element-95182dd elementor-widget elementor-widget-image\" data-id=\"95182dd\" data-element_type=\"widget\" data-widget_type=\"image.default\">\n\t\t\t\t<div class=\"elementor-widget-container\">\n\t\t\t\t\t\t\t\t\t\t\t\t\t\t\t<img fetchpriority=\"high\" decoding=\"async\" width=\"1500\" height=\"1000\" src=\"https:\/\/coworking-alloburonco.com\/wp-content\/uploads\/2023\/10\/gros-plan-travail-equipe-o-nouveau-projet-dans-espace-coworking-redaction-idees-recherche-graphiques-tablette-ordinateur-portable-travail-equipe-concept-entreprise.jpg\" class=\"attachment-full size-full wp-image-14\" alt=\"\" srcset=\"https:\/\/coworking-alloburonco.com\/wp-content\/uploads\/2023\/10\/gros-plan-travail-equipe-o-nouveau-projet-dans-espace-coworking-redaction-idees-recherche-graphiques-tablette-ordinateur-portable-travail-equipe-concept-entreprise.jpg 1500w, https:\/\/coworking-alloburonco.com\/wp-content\/uploads\/2023\/10\/gros-plan-travail-equipe-o-nouveau-projet-dans-espace-coworking-redaction-idees-recherche-graphiques-tablette-ordinateur-portable-travail-equipe-concept-entreprise-300x200.jpg 300w, https:\/\/coworking-alloburonco.com\/wp-content\/uploads\/2023\/10\/gros-plan-travail-equipe-o-nouveau-projet-dans-espace-coworking-redaction-idees-recherche-graphiques-tablette-ordinateur-portable-travail-equipe-concept-entreprise-1024x683.jpg 1024w, https:\/\/coworking-alloburonco.com\/wp-content\/uploads\/2023\/10\/gros-plan-travail-equipe-o-nouveau-projet-dans-espace-coworking-redaction-idees-recherche-graphiques-tablette-ordinateur-portable-travail-equipe-concept-entreprise-768x512.jpg 768w\" sizes=\"100vw\" \/>\t\t\t\t\t\t\t\t\t\t\t\t\t\t\t<\/div>\n\t\t\t\t<\/div>\n\t\t\t\t\t<\/div>\n\t\t<\/div>\n\t\t\t\t\t<\/div>\n\t\t<\/section>\n\t\t\t\t<\/div>\n\t\t","protected":false},"excerpt":{"rendered":"<p>BUREAU PREMIUM Bureau ferm\u00e9 Bureau 2 postesSemestre (4100 \u20ac HT)Trimestre (2200 \u20ac HT)Mensuel (Prix 840 HT)Semaine (Prix 240 HT)Journ\u00e9e (Prix 65 HT) Armoire de rangementExpos\u00e9 EstClimatis\u00e9Tr\u00e8s lumineux R\u00e9\u00e9servation<\/p>\n","protected":false},"author":1,"featured_media":0,"parent":0,"menu_order":0,"comment_status":"closed","ping_status":"closed","template":"","meta":{"jetpack_post_was_ever_published":false,"footnotes":""},"class_list":["post-1424","page","type-page","status-publish","hentry"],"aioseo_notices":[],"jetpack_sharing_enabled":true,"_links":{"self":[{"href":"https:\/\/coworking-alloburonco.com\/index.php\/wp-json\/wp\/v2\/pages\/1424","targetHints":{"allow":["GET"]}}],"collection":[{"href":"https:\/\/coworking-alloburonco.com\/index.php\/wp-json\/wp\/v2\/pages"}],"about":[{"href":"https:\/\/coworking-alloburonco.com\/index.php\/wp-json\/wp\/v2\/types\/page"}],"author":[{"embeddable":true,"href":"https:\/\/coworking-alloburonco.com\/index.php\/wp-json\/wp\/v2\/users\/1"}],"replies":[{"embeddable":true,"href":"https:\/\/coworking-alloburonco.com\/index.php\/wp-json\/wp\/v2\/comments?post=1424"}],"version-history":[{"count":4,"href":"https:\/\/coworking-alloburonco.com\/index.php\/wp-json\/wp\/v2\/pages\/1424\/revisions"}],"predecessor-version":[{"id":1428,"href":"https:\/\/coworking-alloburonco.com\/index.php\/wp-json\/wp\/v2\/pages\/1424\/revisions\/1428"}],"wp:attachment":[{"href":"https:\/\/coworking-alloburonco.com\/index.php\/wp-json\/wp\/v2\/media?parent=1424"}],"curies":[{"name":"wp","href":"https:\/\/api.w.org\/{rel}","templated":true}]}}