{"id":1534,"date":"2023-10-19T17:34:06","date_gmt":"2023-10-19T15:34:06","guid":{"rendered":"https:\/\/coworking-alloburonco.com\/?page_id=1534"},"modified":"2023-10-25T17:19:58","modified_gmt":"2023-10-25T15:19:58","slug":"bureau-n17-19-20-21a","status":"publish","type":"page","link":"https:\/\/coworking-alloburonco.com\/index.php\/bureau-n17-19-20-21a\/","title":{"rendered":"Bureau N\u00b017\/19\/20\/21A"},"content":{"rendered":"\t\t<div data-elementor-type=\"wp-page\" data-elementor-id=\"1534\" class=\"elementor elementor-1534\">\n\t\t\t\t\t\t<section class=\"elementor-section elementor-top-section elementor-element elementor-element-b7430f9 elementor-section-content-middle elementor-reverse-mobile elementor-section-stretched elementor-section-boxed elementor-section-height-default elementor-section-height-default\" data-id=\"b7430f9\" data-element_type=\"section\" data-settings=\"{&quot;stretch_section&quot;:&quot;section-stretched&quot;}\">\n\t\t\t\t\t\t<div class=\"elementor-container elementor-column-gap-default\">\n\t\t\t\t\t<div class=\"elementor-column elementor-col-50 elementor-top-column elementor-element elementor-element-5708472\" data-id=\"5708472\" data-element_type=\"column\">\n\t\t\t<div class=\"elementor-widget-wrap elementor-element-populated\">\n\t\t\t\t\t\t<div class=\"elementor-element elementor-element-7616972 elementor-widget elementor-widget-heading\" data-id=\"7616972\" data-element_type=\"widget\" data-widget_type=\"heading.default\">\n\t\t\t\t<div class=\"elementor-widget-container\">\n\t\t\t\t\t<h3 class=\"elementor-heading-title elementor-size-default\">BUREAU PRIVILEGE<\/h3>\t\t\t\t<\/div>\n\t\t\t\t<\/div>\n\t\t\t\t<div class=\"elementor-element elementor-element-e268af8 elementor-widget elementor-widget-text-editor\" data-id=\"e268af8\" data-element_type=\"widget\" data-widget_type=\"text-editor.default\">\n\t\t\t\t<div class=\"elementor-widget-container\">\n\t\t\t\t\t\t\t\t\t<p><em><strong>Bureau ferm\u00e9<\/strong><\/em><\/p><p>Bureau 2 postes<br \/>Semestre (3950 \u20ac HT)<br \/>Trimestre (2200 \u20ac HT)<br \/>Mensuel (Prix 840 HT)<br \/>Semaine (Prix 240 HT)<br \/>Journ\u00e9e (Prix 65 HT)<\/p><p>N\u00b017<br \/>&#8211; Armoire de rangement<br \/>&#8211; Expos\u00e9 Est<br \/>&#8211; Climatis\u00e9<br \/>&#8211; Lumineux<br \/>&#8211; Acc\u00e8s privatif direct ext\u00e9rieur<br \/>&#8211; Salon semi-privatif<\/p><p>N\u00b019 &amp; 21 A<br \/>&#8211; Armoire de rangement<br \/>&#8211; Expos\u00e9 Nord<br \/>&#8211; Climatis\u00e9<br \/>&#8211; Lumineux<br \/>&#8211; Salon semi-privatif<\/p><p>N\u00b020<br \/>&#8211; Armoire de rangement<br \/>&#8211; Expos\u00e9 Nord<br \/>&#8211; Climatis\u00e9<br \/>&#8211; Lumineux<br \/>&#8211; Acc\u00e8s privatif direct ext\u00e9rieur<br \/>&#8211; Salon semi-privatif<\/p><p>\u00a0<\/p>\t\t\t\t\t\t\t\t<\/div>\n\t\t\t\t<\/div>\n\t\t\t\t<div class=\"elementor-element elementor-element-db21cc9 elementor-align-left elementor-mobile-align-center elementor-widget elementor-widget-button\" data-id=\"db21cc9\" data-element_type=\"widget\" data-widget_type=\"button.default\">\n\t\t\t\t<div class=\"elementor-widget-container\">\n\t\t\t\t\t\t\t\t\t<div class=\"elementor-button-wrapper\">\n\t\t\t\t\t<a class=\"elementor-button elementor-size-md\" role=\"button\">\n\t\t\t\t\t\t<span class=\"elementor-button-content-wrapper\">\n\t\t\t\t\t\t<span class=\"elementor-button-icon\">\n\t\t\t\t<i aria-hidden=\"true\" class=\"fas fa-angle-double-right\"><\/i>\t\t\t<\/span>\n\t\t\t\t\t\t\t\t\t<span class=\"elementor-button-text\">R\u00e9\u00e9servation<\/span>\n\t\t\t\t\t<\/span>\n\t\t\t\t\t<\/a>\n\t\t\t\t<\/div>\n\t\t\t\t\t\t\t\t<\/div>\n\t\t\t\t<\/div>\n\t\t\t\t\t<\/div>\n\t\t<\/div>\n\t\t\t\t<div class=\"elementor-column elementor-col-50 elementor-top-column elementor-element elementor-element-e72135b\" data-id=\"e72135b\" data-element_type=\"column\">\n\t\t\t<div class=\"elementor-widget-wrap elementor-element-populated\">\n\t\t\t\t\t\t<div class=\"elementor-element elementor-element-927d735 elementor-widget elementor-widget-image\" data-id=\"927d735\" data-element_type=\"widget\" data-widget_type=\"image.default\">\n\t\t\t\t<div class=\"elementor-widget-container\">\n\t\t\t\t\t\t\t\t\t\t\t\t\t\t\t<img fetchpriority=\"high\" decoding=\"async\" width=\"1500\" height=\"1000\" src=\"https:\/\/coworking-alloburonco.com\/wp-content\/uploads\/2023\/10\/gros-plan-travail-equipe-o-nouveau-projet-dans-espace-coworking-redaction-idees-recherche-graphiques-tablette-ordinateur-portable-travail-equipe-concept-entreprise.jpg\" class=\"attachment-full size-full wp-image-14\" alt=\"\" srcset=\"https:\/\/coworking-alloburonco.com\/wp-content\/uploads\/2023\/10\/gros-plan-travail-equipe-o-nouveau-projet-dans-espace-coworking-redaction-idees-recherche-graphiques-tablette-ordinateur-portable-travail-equipe-concept-entreprise.jpg 1500w, https:\/\/coworking-alloburonco.com\/wp-content\/uploads\/2023\/10\/gros-plan-travail-equipe-o-nouveau-projet-dans-espace-coworking-redaction-idees-recherche-graphiques-tablette-ordinateur-portable-travail-equipe-concept-entreprise-300x200.jpg 300w, https:\/\/coworking-alloburonco.com\/wp-content\/uploads\/2023\/10\/gros-plan-travail-equipe-o-nouveau-projet-dans-espace-coworking-redaction-idees-recherche-graphiques-tablette-ordinateur-portable-travail-equipe-concept-entreprise-1024x683.jpg 1024w, https:\/\/coworking-alloburonco.com\/wp-content\/uploads\/2023\/10\/gros-plan-travail-equipe-o-nouveau-projet-dans-espace-coworking-redaction-idees-recherche-graphiques-tablette-ordinateur-portable-travail-equipe-concept-entreprise-768x512.jpg 768w\" sizes=\"100vw\" \/>\t\t\t\t\t\t\t\t\t\t\t\t\t\t\t<\/div>\n\t\t\t\t<\/div>\n\t\t\t\t\t<\/div>\n\t\t<\/div>\n\t\t\t\t\t<\/div>\n\t\t<\/section>\n\t\t\t\t<\/div>\n\t\t","protected":false},"excerpt":{"rendered":"<p>BUREAU PRIVILEGE Bureau ferm\u00e9 Bureau 2 postesSemestre (3950 \u20ac HT)Trimestre (2200 \u20ac HT)Mensuel (Prix 840 HT)Semaine (Prix 240 HT)Journ\u00e9e (Prix 65 HT) N\u00b017&#8211; Armoire de rangement&#8211; Expos\u00e9 Est&#8211; Climatis\u00e9&#8211; Lumineux&#8211; Acc\u00e8s privatif direct ext\u00e9rieur&#8211; Salon semi-privatif N\u00b019 &amp; 21 A&#8211; Armoire de rangement&#8211; Expos\u00e9 Nord&#8211; Climatis\u00e9&#8211; Lumineux&#8211; Salon semi-privatif N\u00b020&#8211; Armoire de rangement&#8211; Expos\u00e9 Nord&#8211; &hellip; <\/p>\n<p class=\"link-more\"><a href=\"https:\/\/coworking-alloburonco.com\/index.php\/bureau-n17-19-20-21a\/\" class=\"more-link\">Continuer la lecture<span class=\"screen-reader-text\"> de &laquo;&nbsp;Bureau N\u00b017\/19\/20\/21A&nbsp;&raquo;<\/span><\/a><\/p>\n","protected":false},"author":1,"featured_media":0,"parent":0,"menu_order":0,"comment_status":"closed","ping_status":"closed","template":"","meta":{"jetpack_post_was_ever_published":false,"footnotes":""},"class_list":["post-1534","page","type-page","status-publish","hentry"],"aioseo_notices":[],"jetpack_sharing_enabled":true,"_links":{"self":[{"href":"https:\/\/coworking-alloburonco.com\/index.php\/wp-json\/wp\/v2\/pages\/1534","targetHints":{"allow":["GET"]}}],"collection":[{"href":"https:\/\/coworking-alloburonco.com\/index.php\/wp-json\/wp\/v2\/pages"}],"about":[{"href":"https:\/\/coworking-alloburonco.com\/index.php\/wp-json\/wp\/v2\/types\/page"}],"author":[{"embeddable":true,"href":"https:\/\/coworking-alloburonco.com\/index.php\/wp-json\/wp\/v2\/users\/1"}],"replies":[{"embeddable":true,"href":"https:\/\/coworking-alloburonco.com\/index.php\/wp-json\/wp\/v2\/comments?post=1534"}],"version-history":[{"count":13,"href":"https:\/\/coworking-alloburonco.com\/index.php\/wp-json\/wp\/v2\/pages\/1534\/revisions"}],"predecessor-version":[{"id":1718,"href":"https:\/\/coworking-alloburonco.com\/index.php\/wp-json\/wp\/v2\/pages\/1534\/revisions\/1718"}],"wp:attachment":[{"href":"https:\/\/coworking-alloburonco.com\/index.php\/wp-json\/wp\/v2\/media?parent=1534"}],"curies":[{"name":"wp","href":"https:\/\/api.w.org\/{rel}","templated":true}]}}