{"id":1550,"date":"2023-10-19T17:46:09","date_gmt":"2023-10-19T15:46:09","guid":{"rendered":"https:\/\/coworking-alloburonco.com\/?page_id=1550"},"modified":"2023-10-25T17:24:27","modified_gmt":"2023-10-25T15:24:27","slug":"bureau-n6-18","status":"publish","type":"page","link":"https:\/\/coworking-alloburonco.com\/index.php\/bureau-n6-18\/","title":{"rendered":"Bureau N\u00b06\/18"},"content":{"rendered":"\t\t<div data-elementor-type=\"wp-page\" data-elementor-id=\"1550\" class=\"elementor elementor-1550\">\n\t\t\t\t\t\t<section class=\"elementor-section elementor-top-section elementor-element elementor-element-02487c2 elementor-section-content-middle elementor-reverse-mobile elementor-section-stretched elementor-section-boxed elementor-section-height-default elementor-section-height-default\" data-id=\"02487c2\" data-element_type=\"section\" data-settings=\"{&quot;stretch_section&quot;:&quot;section-stretched&quot;}\">\n\t\t\t\t\t\t<div class=\"elementor-container elementor-column-gap-default\">\n\t\t\t\t\t<div class=\"elementor-column elementor-col-50 elementor-top-column elementor-element elementor-element-4b1036d\" data-id=\"4b1036d\" data-element_type=\"column\">\n\t\t\t<div class=\"elementor-widget-wrap elementor-element-populated\">\n\t\t\t\t\t\t<div class=\"elementor-element elementor-element-2865a2c elementor-widget elementor-widget-heading\" data-id=\"2865a2c\" data-element_type=\"widget\" data-widget_type=\"heading.default\">\n\t\t\t\t<div class=\"elementor-widget-container\">\n\t\t\t\t\t<h3 class=\"elementor-heading-title elementor-size-default\">BUREAU PRIVILEGE<\/h3>\t\t\t\t<\/div>\n\t\t\t\t<\/div>\n\t\t\t\t<div class=\"elementor-element elementor-element-c6db2f4 elementor-widget elementor-widget-text-editor\" data-id=\"c6db2f4\" data-element_type=\"widget\" data-widget_type=\"text-editor.default\">\n\t\t\t\t<div class=\"elementor-widget-container\">\n\t\t\t\t\t\t\t\t\t<p><em><strong>Bureau ferm\u00e9<\/strong><\/em><\/p><p>Bureau 3 postes<br \/>Semestre ( 4600 \u20ac HT)<br \/>Trimestre ( Prix 2550 \u20ac HT)<br \/>Mensuel (Prix 990 HT)<br \/>Semaine (Prix 320 HT)<br \/>Journ\u00e9e (Prix 95 HT)<\/p><p>N\u00b06<br \/>&#8211; Armoire de rangement<br \/>&#8211; Expos\u00e9 Est-Sud<br \/>&#8211; Climatis\u00e9<br \/>&#8211; Tr\u00e8s lumineux<br \/>&#8211; Acc\u00e8s privatif direct sur espaces verts<\/p><p>N\u00b018<br \/>&#8211; Armoire de rangement<br \/>&#8211; Expos\u00e9 Nord<br \/>&#8211; Climatis\u00e9<br \/>&#8211; Lumineux<br \/>&#8211; Salon semi-privatif<\/p>\t\t\t\t\t\t\t\t<\/div>\n\t\t\t\t<\/div>\n\t\t\t\t<div class=\"elementor-element elementor-element-a171a09 elementor-align-left elementor-mobile-align-center elementor-widget elementor-widget-button\" data-id=\"a171a09\" data-element_type=\"widget\" data-widget_type=\"button.default\">\n\t\t\t\t<div class=\"elementor-widget-container\">\n\t\t\t\t\t\t\t\t\t<div class=\"elementor-button-wrapper\">\n\t\t\t\t\t<a class=\"elementor-button elementor-size-md\" role=\"button\">\n\t\t\t\t\t\t<span class=\"elementor-button-content-wrapper\">\n\t\t\t\t\t\t<span class=\"elementor-button-icon\">\n\t\t\t\t<i aria-hidden=\"true\" class=\"fas fa-angle-double-right\"><\/i>\t\t\t<\/span>\n\t\t\t\t\t\t\t\t\t<span class=\"elementor-button-text\">R\u00e9\u00e9servation<\/span>\n\t\t\t\t\t<\/span>\n\t\t\t\t\t<\/a>\n\t\t\t\t<\/div>\n\t\t\t\t\t\t\t\t<\/div>\n\t\t\t\t<\/div>\n\t\t\t\t\t<\/div>\n\t\t<\/div>\n\t\t\t\t<div class=\"elementor-column elementor-col-50 elementor-top-column elementor-element elementor-element-0f9352d\" data-id=\"0f9352d\" data-element_type=\"column\">\n\t\t\t<div class=\"elementor-widget-wrap elementor-element-populated\">\n\t\t\t\t\t\t<div class=\"elementor-element elementor-element-f6ccb4b elementor-widget elementor-widget-image\" data-id=\"f6ccb4b\" data-element_type=\"widget\" data-widget_type=\"image.default\">\n\t\t\t\t<div class=\"elementor-widget-container\">\n\t\t\t\t\t\t\t\t\t\t\t\t\t\t\t<img fetchpriority=\"high\" decoding=\"async\" width=\"1500\" height=\"1000\" src=\"https:\/\/coworking-alloburonco.com\/wp-content\/uploads\/2023\/10\/gros-plan-travail-equipe-o-nouveau-projet-dans-espace-coworking-redaction-idees-recherche-graphiques-tablette-ordinateur-portable-travail-equipe-concept-entreprise.jpg\" class=\"attachment-full size-full wp-image-14\" alt=\"\" srcset=\"https:\/\/coworking-alloburonco.com\/wp-content\/uploads\/2023\/10\/gros-plan-travail-equipe-o-nouveau-projet-dans-espace-coworking-redaction-idees-recherche-graphiques-tablette-ordinateur-portable-travail-equipe-concept-entreprise.jpg 1500w, https:\/\/coworking-alloburonco.com\/wp-content\/uploads\/2023\/10\/gros-plan-travail-equipe-o-nouveau-projet-dans-espace-coworking-redaction-idees-recherche-graphiques-tablette-ordinateur-portable-travail-equipe-concept-entreprise-300x200.jpg 300w, https:\/\/coworking-alloburonco.com\/wp-content\/uploads\/2023\/10\/gros-plan-travail-equipe-o-nouveau-projet-dans-espace-coworking-redaction-idees-recherche-graphiques-tablette-ordinateur-portable-travail-equipe-concept-entreprise-1024x683.jpg 1024w, https:\/\/coworking-alloburonco.com\/wp-content\/uploads\/2023\/10\/gros-plan-travail-equipe-o-nouveau-projet-dans-espace-coworking-redaction-idees-recherche-graphiques-tablette-ordinateur-portable-travail-equipe-concept-entreprise-768x512.jpg 768w\" sizes=\"100vw\" \/>\t\t\t\t\t\t\t\t\t\t\t\t\t\t\t<\/div>\n\t\t\t\t<\/div>\n\t\t\t\t\t<\/div>\n\t\t<\/div>\n\t\t\t\t\t<\/div>\n\t\t<\/section>\n\t\t\t\t<\/div>\n\t\t","protected":false},"excerpt":{"rendered":"<p>BUREAU PRIVILEGE Bureau ferm\u00e9 Bureau 3 postesSemestre ( 4600 \u20ac HT)Trimestre ( Prix 2550 \u20ac HT)Mensuel (Prix 990 HT)Semaine (Prix 320 HT)Journ\u00e9e (Prix 95 HT) N\u00b06&#8211; Armoire de rangement&#8211; Expos\u00e9 Est-Sud&#8211; Climatis\u00e9&#8211; Tr\u00e8s lumineux&#8211; Acc\u00e8s privatif direct sur espaces verts N\u00b018&#8211; Armoire de rangement&#8211; Expos\u00e9 Nord&#8211; Climatis\u00e9&#8211; Lumineux&#8211; Salon semi-privatif R\u00e9\u00e9servation<\/p>\n","protected":false},"author":1,"featured_media":0,"parent":0,"menu_order":0,"comment_status":"closed","ping_status":"closed","template":"","meta":{"jetpack_post_was_ever_published":false,"footnotes":""},"class_list":["post-1550","page","type-page","status-publish","hentry"],"aioseo_notices":[],"jetpack_sharing_enabled":true,"_links":{"self":[{"href":"https:\/\/coworking-alloburonco.com\/index.php\/wp-json\/wp\/v2\/pages\/1550","targetHints":{"allow":["GET"]}}],"collection":[{"href":"https:\/\/coworking-alloburonco.com\/index.php\/wp-json\/wp\/v2\/pages"}],"about":[{"href":"https:\/\/coworking-alloburonco.com\/index.php\/wp-json\/wp\/v2\/types\/page"}],"author":[{"embeddable":true,"href":"https:\/\/coworking-alloburonco.com\/index.php\/wp-json\/wp\/v2\/users\/1"}],"replies":[{"embeddable":true,"href":"https:\/\/coworking-alloburonco.com\/index.php\/wp-json\/wp\/v2\/comments?post=1550"}],"version-history":[{"count":10,"href":"https:\/\/coworking-alloburonco.com\/index.php\/wp-json\/wp\/v2\/pages\/1550\/revisions"}],"predecessor-version":[{"id":1724,"href":"https:\/\/coworking-alloburonco.com\/index.php\/wp-json\/wp\/v2\/pages\/1550\/revisions\/1724"}],"wp:attachment":[{"href":"https:\/\/coworking-alloburonco.com\/index.php\/wp-json\/wp\/v2\/media?parent=1550"}],"curies":[{"name":"wp","href":"https:\/\/api.w.org\/{rel}","templated":true}]}}