{"id":1585,"date":"2023-10-19T19:02:05","date_gmt":"2023-10-19T17:02:05","guid":{"rendered":"https:\/\/coworking-alloburonco.com\/?page_id=1585"},"modified":"2023-10-23T17:30:31","modified_gmt":"2023-10-23T15:30:31","slug":"mentions-legales","status":"publish","type":"page","link":"https:\/\/coworking-alloburonco.com\/index.php\/mentions-legales\/","title":{"rendered":"Mentions l\u00e9gales"},"content":{"rendered":"\t\t<div data-elementor-type=\"wp-page\" data-elementor-id=\"1585\" class=\"elementor elementor-1585\">\n\t\t\t\t<div class=\"elementor-element elementor-element-b93b200 e-flex e-con-boxed e-con e-parent\" data-id=\"b93b200\" data-element_type=\"container\">\n\t\t\t\t\t<div class=\"e-con-inner\">\n\t\t\t\t<div class=\"elementor-element elementor-element-014b1dc elementor-widget elementor-widget-text-editor\" data-id=\"014b1dc\" data-element_type=\"widget\" data-widget_type=\"text-editor.default\">\n\t\t\t\t<div class=\"elementor-widget-container\">\n\t\t\t\t\t\t\t\t\t<p>\u00c9dition du site<\/p><p>En vertu de l&rsquo;article 6 de la loi n\u00b0 2004-575 du 21 juin 2004 pour la confiance dans l&rsquo;\u00e9conomie num\u00e9rique, il est pr\u00e9cis\u00e9 aux utilisateurs du site internet <a href=\"https:\/\/www.mobilierecosibello.com\">https:\/\/coworking-alloburonco.com\/<\/a> l&rsquo;identit\u00e9 des diff\u00e9rents intervenants dans le cadre de sa r\u00e9alisation et de son suivi:<\/p><p>Propri\u00e9taire du site : BLV MONGE.- Contact : \u00a0&#8211; Adresse :13-13 Rue Gaspard Monge 26500 Bourg les Valence\u00a0<\/p><p>Identification de l&rsquo;entreprise :\u00a0 Allo Buro N&rsquo;co<\/p><p>H\u00e9bergeur : Hostinger<\/p><h4 style=\"box-sizing: inherit; border: 0px; margin-bottom: 0px; padding-top: 0px; vertical-align: baseline; font-size: 20px; line-height: 32px; color: #2f1c6a; font-family: 'DM Sans', sans-serif; text-align: center;\" data-v-754f852f=\"\">Kaunas, Lituanie<\/h4><p style=\"box-sizing: inherit; border: 0px; margin-bottom: 0px; vertical-align: baseline; color: #2f1c6a; font-family: 'DM Sans', sans-serif; text-align: center;\" data-v-754f852f=\"\">Hostinger, UAB<\/p><p style=\"box-sizing: inherit; border: 0px; margin-bottom: 0px; vertical-align: baseline; grid-column: 1 \/ -1; justify-self: center; color: #2f1c6a; font-family: 'DM Sans', sans-serif; text-align: center;\" data-v-754f852f=\"\">Jonavos g. 60C, 44192<\/p><p>support@hostinger.com<\/p><p>D\u00e9l\u00e9gu\u00e9 \u00e0 la protection des donn\u00e9es :Vldcom Contact : vldcom@yahoo.fr<\/p>\t\t\t\t\t\t\t\t<\/div>\n\t\t\t\t<\/div>\n\t\t\t\t\t<\/div>\n\t\t\t\t<\/div>\n\t\t\t\t<\/div>\n\t\t","protected":false},"excerpt":{"rendered":"<p>\u00c9dition du site En vertu de l&rsquo;article 6 de la loi n\u00b0 2004-575 du 21 juin 2004 pour la confiance dans l&rsquo;\u00e9conomie num\u00e9rique, il est pr\u00e9cis\u00e9 aux utilisateurs du site internet https:\/\/coworking-alloburonco.com\/ l&rsquo;identit\u00e9 des diff\u00e9rents intervenants dans le cadre de sa r\u00e9alisation et de son suivi: Propri\u00e9taire du site : BLV MONGE.- Contact : \u00a0&#8211; &hellip; <\/p>\n<p class=\"link-more\"><a href=\"https:\/\/coworking-alloburonco.com\/index.php\/mentions-legales\/\" class=\"more-link\">Continuer la lecture<span class=\"screen-reader-text\"> de &laquo;&nbsp;Mentions l\u00e9gales&nbsp;&raquo;<\/span><\/a><\/p>\n","protected":false},"author":1,"featured_media":0,"parent":0,"menu_order":0,"comment_status":"closed","ping_status":"closed","template":"","meta":{"jetpack_post_was_ever_published":false,"footnotes":""},"class_list":["post-1585","page","type-page","status-publish","hentry"],"aioseo_notices":[],"jetpack_sharing_enabled":true,"_links":{"self":[{"href":"https:\/\/coworking-alloburonco.com\/index.php\/wp-json\/wp\/v2\/pages\/1585","targetHints":{"allow":["GET"]}}],"collection":[{"href":"https:\/\/coworking-alloburonco.com\/index.php\/wp-json\/wp\/v2\/pages"}],"about":[{"href":"https:\/\/coworking-alloburonco.com\/index.php\/wp-json\/wp\/v2\/types\/page"}],"author":[{"embeddable":true,"href":"https:\/\/coworking-alloburonco.com\/index.php\/wp-json\/wp\/v2\/users\/1"}],"replies":[{"embeddable":true,"href":"https:\/\/coworking-alloburonco.com\/index.php\/wp-json\/wp\/v2\/comments?post=1585"}],"version-history":[{"count":10,"href":"https:\/\/coworking-alloburonco.com\/index.php\/wp-json\/wp\/v2\/pages\/1585\/revisions"}],"predecessor-version":[{"id":1622,"href":"https:\/\/coworking-alloburonco.com\/index.php\/wp-json\/wp\/v2\/pages\/1585\/revisions\/1622"}],"wp:attachment":[{"href":"https:\/\/coworking-alloburonco.com\/index.php\/wp-json\/wp\/v2\/media?parent=1585"}],"curies":[{"name":"wp","href":"https:\/\/api.w.org\/{rel}","templated":true}]}}