{"id":1870,"date":"2023-11-13T15:01:39","date_gmt":"2023-11-13T14:01:39","guid":{"rendered":"https:\/\/coworking-alloburonco.com\/?page_id=1870"},"modified":"2023-11-13T17:29:43","modified_gmt":"2023-11-13T16:29:43","slug":"as-renaissance","status":"publish","type":"page","link":"https:\/\/coworking-alloburonco.com\/index.php\/as-renaissance\/","title":{"rendered":"AS Renaissance"},"content":{"rendered":"\t\t<div data-elementor-type=\"wp-page\" data-elementor-id=\"1870\" class=\"elementor elementor-1870\">\n\t\t\t\t\t\t<section class=\"elementor-section elementor-top-section elementor-element elementor-element-7453fb6 elementor-section-height-min-height elementor-section-stretched elementor-section-boxed elementor-section-height-default elementor-section-items-middle\" data-id=\"7453fb6\" data-element_type=\"section\" data-settings=\"{&quot;background_background&quot;:&quot;slideshow&quot;,&quot;stretch_section&quot;:&quot;section-stretched&quot;,&quot;background_slideshow_gallery&quot;:[{&quot;id&quot;:1937,&quot;url&quot;:&quot;http:\\\/\\\/coworking-alloburonco.com\\\/wp-content\\\/uploads\\\/2023\\\/11\\\/339259576_1219800248899530_3212308705812801285_n.jpg&quot;},{&quot;id&quot;:1938,&quot;url&quot;:&quot;http:\\\/\\\/coworking-alloburonco.com\\\/wp-content\\\/uploads\\\/2023\\\/11\\\/339286329_900643504532962_4001331994569296712_n-Copie.jpg&quot;},{&quot;id&quot;:1939,&quot;url&quot;:&quot;http:\\\/\\\/coworking-alloburonco.com\\\/wp-content\\\/uploads\\\/2023\\\/11\\\/357108059_862639745279426_6169787480262155574_n.jpg&quot;},{&quot;id&quot;:1940,&quot;url&quot;:&quot;http:\\\/\\\/coworking-alloburonco.com\\\/wp-content\\\/uploads\\\/2023\\\/11\\\/357182503_1011591966725210_7258804626079641752_n.jpg&quot;}],&quot;background_slideshow_loop&quot;:&quot;yes&quot;,&quot;background_slideshow_slide_duration&quot;:5000,&quot;background_slideshow_slide_transition&quot;:&quot;fade&quot;,&quot;background_slideshow_transition_duration&quot;:500}\">\n\t\t\t\t\t\t<div class=\"elementor-container elementor-column-gap-default\">\n\t\t\t\t\t<div class=\"elementor-column elementor-col-100 elementor-top-column elementor-element elementor-element-72d2bc6c\" data-id=\"72d2bc6c\" data-element_type=\"column\">\n\t\t\t<div class=\"elementor-widget-wrap elementor-element-populated\">\n\t\t\t\t\t\t<div class=\"elementor-element elementor-element-ac5edb6 elementor-hidden-desktop elementor-hidden-tablet elementor-hidden-phone elementor-widget elementor-widget-button\" data-id=\"ac5edb6\" data-element_type=\"widget\" data-widget_type=\"button.default\">\n\t\t\t\t<div class=\"elementor-widget-container\">\n\t\t\t\t\t\t\t\t\t<div class=\"elementor-button-wrapper\">\n\t\t\t\t\t<a class=\"elementor-button elementor-button-link elementor-size-sm\" href=\"#\">\n\t\t\t\t\t\t<span class=\"elementor-button-content-wrapper\">\n\t\t\t\t\t\t\t\t\t<span class=\"elementor-button-text\">read more<\/span>\n\t\t\t\t\t<\/span>\n\t\t\t\t\t<\/a>\n\t\t\t\t<\/div>\n\t\t\t\t\t\t\t\t<\/div>\n\t\t\t\t<\/div>\n\t\t\t\t\t<\/div>\n\t\t<\/div>\n\t\t\t\t\t<\/div>\n\t\t<\/section>\n\t\t\t\t<section class=\"elementor-section elementor-top-section elementor-element elementor-element-3de211b8 elementor-section-height-min-height elementor-section-content-middle elementor-section-stretched elementor-section-boxed elementor-section-height-default elementor-section-items-middle\" data-id=\"3de211b8\" data-element_type=\"section\" data-settings=\"{&quot;stretch_section&quot;:&quot;section-stretched&quot;}\">\n\t\t\t\t\t\t<div class=\"elementor-container elementor-column-gap-default\">\n\t\t\t\t\t<div class=\"elementor-column elementor-col-100 elementor-top-column elementor-element elementor-element-25138ec7\" data-id=\"25138ec7\" data-element_type=\"column\">\n\t\t\t<div class=\"elementor-widget-wrap elementor-element-populated\">\n\t\t\t\t\t\t<div class=\"elementor-element elementor-element-1d73592d elementor-widget elementor-widget-text-editor\" data-id=\"1d73592d\" data-element_type=\"widget\" data-widget_type=\"text-editor.default\">\n\t\t\t\t<div class=\"elementor-widget-container\">\n\t\t\t\t\t\t\t\t\t<p>AS<em> RENAISSANCE<\/em> est n\u00e9 de tant de param\u00e8tres et de synchronicit\u00e9s\u00a0! Un papa aux mains d\u2019or, une passion pour le dessin et le bricolage, une formation d\u2019historienne de l\u2019Art et la brocante dans le sang, sont autant de signes annonciateurs de ce bel aboutissement.\u00a0<\/p><p>Dans un mas bicentenaire, une pi\u00e8ce d\u00e9di\u00e9e pleine d\u2019objets et de meubles ayant v\u00e9cu milles et une vies. On y trouve des pots remplis de pinceaux, des peintures, des cires, de pigments, des patines et tout le mat\u00e9riel n\u00e9cessaire pour r\u00e9veiller des p\u00e9pites oubli\u00e9es.<\/p><p>Je suis \u00ab\u00a0centr\u00e9e\u00a0\u00bb, \u00e0 ma place, lorsque je travaille \u00e0 la cr\u00e9ation enti\u00e8re d\u2019une d\u00e9coration int\u00e9rieure, comme ici, chez <em>Allo Buro n\u2019Co<\/em>, ou sur un meuble \u00ab\u00a0\u00e0 r\u00e9veiller\u00a0\u00bb, pour un particulier.<\/p>\t\t\t\t\t\t\t\t<\/div>\n\t\t\t\t<\/div>\n\t\t\t\t\t<\/div>\n\t\t<\/div>\n\t\t\t\t\t<\/div>\n\t\t<\/section>\n\t\t\t\t<section class=\"elementor-section elementor-top-section elementor-element elementor-element-302d575e elementor-section-height-min-height elementor-section-content-middle elementor-section-stretched elementor-section-boxed elementor-section-height-default elementor-section-items-middle\" data-id=\"302d575e\" data-element_type=\"section\" data-settings=\"{&quot;stretch_section&quot;:&quot;section-stretched&quot;}\">\n\t\t\t\t\t\t<div class=\"elementor-container elementor-column-gap-default\">\n\t\t\t\t\t<div class=\"elementor-column elementor-col-50 elementor-top-column elementor-element elementor-element-7deec9f6\" data-id=\"7deec9f6\" data-element_type=\"column\">\n\t\t\t<div class=\"elementor-widget-wrap elementor-element-populated\">\n\t\t\t\t\t\t<div class=\"elementor-element elementor-element-28f1d1b elementor-widget elementor-widget-text-editor\" data-id=\"28f1d1b\" data-element_type=\"widget\" data-widget_type=\"text-editor.default\">\n\t\t\t\t<div class=\"elementor-widget-container\">\n\t\t\t\t\t\t\t\t\t<p><u>L\u2019\u00a0\u00bbupcycling\u00a0\u00bb, une alternative au gaspillage<\/u>\u2026<\/p><p>\u00catre conscient et soucieux de l\u2019environnement passe par redonner une seconde vie \u00e0 nos meubles d\u00e9fra\u00eechis ou ab\u00eem\u00e9s. En gardant \u00e0 l\u2019esprit le crit\u00e8re primordial de l\u2019esth\u00e9tisme et de la qualit\u00e9, le recyclage nous permet d\u2019avoir un impact positif sur la plan\u00e8te.<\/p><p>Aujourd&rsquo;hui, on ne peut plus se r\u00e9soudre \u00e0 jeter un meuble parce qu&rsquo;il est pass\u00e9 de mode. <em>AS RENAISSANCE<\/em> et <em>Allo Buro N\u2019Co<\/em> font partie de ces entreprises qui ont bien int\u00e9gr\u00e9 cela en pr\u00e9servant l\u2019avenir de nos enfants par leur choix et leur action.<\/p><p><u>Des peintures sans \u00e9missions nocives<\/u><\/p><p>J\u2019ai choisi avec soin des peintures, \u00e0 la craie, \u00e9coresponsables et respectueuses de l\u2019environnement. Elles sont sans produits chimique, ni odeur et contribuent \u00e0 la pr\u00e9servation de la sant\u00e9 de chacun. Tout le mobilier repeint chez <em>Allo Buro N\u2019Co<\/em> est sans \u00e9missions nocives afin d\u2019optimiser votre confort de travail.<\/p>\t\t\t\t\t\t\t\t<\/div>\n\t\t\t\t<\/div>\n\t\t\t\t\t<\/div>\n\t\t<\/div>\n\t\t\t\t<div class=\"elementor-column elementor-col-50 elementor-top-column elementor-element elementor-element-1b3e4d37\" data-id=\"1b3e4d37\" data-element_type=\"column\">\n\t\t\t<div class=\"elementor-widget-wrap elementor-element-populated\">\n\t\t\t\t\t\t<div class=\"elementor-element elementor-element-eb67447 elementor-widget elementor-widget-image\" data-id=\"eb67447\" data-element_type=\"widget\" data-widget_type=\"image.default\">\n\t\t\t\t<div class=\"elementor-widget-container\">\n\t\t\t\t\t\t\t\t\t\t\t\t\t\t\t<img fetchpriority=\"high\" decoding=\"async\" width=\"525\" height=\"700\" src=\"https:\/\/coworking-alloburonco.com\/wp-content\/uploads\/2023\/11\/393875284_1029979014792898_8075119231263005752_n.jpg\" class=\"attachment-large size-large wp-image-1943\" alt=\"\" srcset=\"https:\/\/coworking-alloburonco.com\/wp-content\/uploads\/2023\/11\/393875284_1029979014792898_8075119231263005752_n.jpg 750w, https:\/\/coworking-alloburonco.com\/wp-content\/uploads\/2023\/11\/393875284_1029979014792898_8075119231263005752_n-225x300.jpg 225w\" sizes=\"100vw\" \/>\t\t\t\t\t\t\t\t\t\t\t\t\t\t\t<\/div>\n\t\t\t\t<\/div>\n\t\t\t\t\t<\/div>\n\t\t<\/div>\n\t\t\t\t\t<\/div>\n\t\t<\/section>\n\t\t\t\t<section class=\"elementor-section elementor-top-section elementor-element elementor-element-243595df elementor-section-height-min-height elementor-section-content-middle elementor-section-stretched elementor-section-boxed elementor-section-height-default elementor-section-items-middle\" data-id=\"243595df\" data-element_type=\"section\" data-settings=\"{&quot;stretch_section&quot;:&quot;section-stretched&quot;}\">\n\t\t\t\t\t\t<div class=\"elementor-container elementor-column-gap-default\">\n\t\t\t\t\t<div class=\"elementor-column elementor-col-50 elementor-top-column elementor-element elementor-element-31d50a4c\" data-id=\"31d50a4c\" data-element_type=\"column\">\n\t\t\t<div class=\"elementor-widget-wrap elementor-element-populated\">\n\t\t\t\t\t\t<div class=\"elementor-element elementor-element-905b2ac elementor-widget elementor-widget-image\" data-id=\"905b2ac\" data-element_type=\"widget\" data-widget_type=\"image.default\">\n\t\t\t\t<div class=\"elementor-widget-container\">\n\t\t\t\t\t\t\t\t\t\t\t\t\t\t\t<img decoding=\"async\" width=\"525\" height=\"700\" src=\"https:\/\/coworking-alloburonco.com\/wp-content\/uploads\/2023\/11\/368895995_283794557882254_4742873645979662237_n.jpg\" class=\"attachment-large size-large wp-image-1941\" alt=\"\" srcset=\"https:\/\/coworking-alloburonco.com\/wp-content\/uploads\/2023\/11\/368895995_283794557882254_4742873645979662237_n.jpg 750w, https:\/\/coworking-alloburonco.com\/wp-content\/uploads\/2023\/11\/368895995_283794557882254_4742873645979662237_n-225x300.jpg 225w\" sizes=\"100vw\" \/>\t\t\t\t\t\t\t\t\t\t\t\t\t\t\t<\/div>\n\t\t\t\t<\/div>\n\t\t\t\t\t<\/div>\n\t\t<\/div>\n\t\t\t\t<div class=\"elementor-column elementor-col-50 elementor-top-column elementor-element elementor-element-2f5e7bf5\" data-id=\"2f5e7bf5\" data-element_type=\"column\">\n\t\t\t<div class=\"elementor-widget-wrap elementor-element-populated\">\n\t\t\t\t\t\t<div class=\"elementor-element elementor-element-9fb7a66 elementor-widget elementor-widget-text-editor\" data-id=\"9fb7a66\" data-element_type=\"widget\" data-widget_type=\"text-editor.default\">\n\t\t\t\t<div class=\"elementor-widget-container\">\n\t\t\t\t\t\t\t\t\t<p><u>Une histoire de transmission et de valeurs partag\u00e9es\u2026 <\/u><\/p><p>Finies les mises au rebut de nos meubles de famille au profit du neuf souvent fabriqu\u00e9 \u00e0 l&rsquo;\u00e9tranger, froid et impersonnel ! J\u2019aime l\u2019id\u00e9e de contribuer \u00e0 entretenir notre patrimoine souvent gage de qualit\u00e9. \u00a0Nos anciens savaient faire du beau, de l\u2019authentique\u00a0! Notre mobilier en bois a juste besoin qu\u2019on le sublime car, souvent, ce n\u2019est que cette couleur \u00ab\u00a0marron\u00a0\u00bb qu\u2019on lui reproche\u2026 et c\u2019est l\u00e0 que je rentre en sc\u00e8ne\u00a0!<\/p><p><u>Un univers vraiment \u00e0 part<\/u>\u2026<\/p><p>Chaque pi\u00e8ce est auscult\u00e9e. Une petite ou grosse r\u00e9paration est parfois n\u00e9cessaire. Ensuite, c\u2019est l\u2019inspiration qui prend le relais\u2026 voire l\u2019intuition\u2026<\/p><p>Je travaille la peinture et la patine avec une technique qui m\u2019est personnelle et qui apporte une dimension presque f\u00e9\u00e9rique. Je cr\u00e9e des pi\u00e8ces uniques, originales, voire insolites. \u00ab\u00a0Du caract\u00e8re\u00a0\u00bb, voil\u00e0 ce que j\u2019insuffle aux meubles qui passent par mes mains\u00a0! Ce suppl\u00e9ment d\u2019\u00e2me se retrouve aussi dans mon souci du d\u00e9tail. Plus qu\u2019un style de d\u00e9coration, mon ambiance est pleine de po\u00e9sie, de chaleur et embarque votre int\u00e9rieur dans un monde qui ne ressemblera \u00e0 personne d\u2019autre que vous\u00a0! \u00a0<\/p><p>La derni\u00e8re touche : un sceau tamponn\u00e9 certifiant l&rsquo;authenticit\u00e9 de mon intervention.<\/p>\t\t\t\t\t\t\t\t<\/div>\n\t\t\t\t<\/div>\n\t\t\t\t\t<\/div>\n\t\t<\/div>\n\t\t\t\t\t<\/div>\n\t\t<\/section>\n\t\t\t\t<section class=\"elementor-section elementor-top-section elementor-element elementor-element-8d6ae8e elementor-section-content-middle elementor-reverse-mobile elementor-section-stretched elementor-section-boxed elementor-section-height-default elementor-section-height-default\" data-id=\"8d6ae8e\" data-element_type=\"section\" data-settings=\"{&quot;stretch_section&quot;:&quot;section-stretched&quot;}\">\n\t\t\t\t\t\t\t<div class=\"elementor-background-overlay\"><\/div>\n\t\t\t\t\t\t\t<div class=\"elementor-container elementor-column-gap-default\">\n\t\t\t\t\t<div class=\"elementor-column elementor-col-50 elementor-top-column elementor-element elementor-element-58da111\" data-id=\"58da111\" data-element_type=\"column\">\n\t\t\t<div class=\"elementor-widget-wrap elementor-element-populated\">\n\t\t\t\t\t\t<div class=\"elementor-element elementor-element-6ab7537 elementor-widget elementor-widget-heading\" data-id=\"6ab7537\" data-element_type=\"widget\" data-widget_type=\"heading.default\">\n\t\t\t\t<div class=\"elementor-widget-container\">\n\t\t\t\t\t<h3 class=\"elementor-heading-title elementor-size-default\">Allo Buro N'Co<\/h3>\t\t\t\t<\/div>\n\t\t\t\t<\/div>\n\t\t\t\t<div class=\"elementor-element elementor-element-fce88f9 elementor-widget elementor-widget-text-editor\" data-id=\"fce88f9\" data-element_type=\"widget\" data-widget_type=\"text-editor.default\">\n\t\t\t\t<div class=\"elementor-widget-container\">\n\t\t\t\t\t\t\t\t\t<h4><span style=\"color: #ffffff;\"><strong>Des am\u00e9nagements attractifs, con\u00e7us pour la collaboration et le d\u00e9veloppement de votre r\u00e9seau professionnel<\/strong><\/span><\/h4>\t\t\t\t\t\t\t\t<\/div>\n\t\t\t\t<\/div>\n\t\t\t\t<div class=\"elementor-element elementor-element-a3a8ee6 elementor-widget elementor-widget-text-editor\" data-id=\"a3a8ee6\" data-element_type=\"widget\" data-widget_type=\"text-editor.default\">\n\t\t\t\t<div class=\"elementor-widget-container\">\n\t\t\t\t\t\t\t\t\t<p><span style=\"color: #999999;\">Valence nord une implantation strat\u00e9gique :<\/span><\/p><ul><li><span style=\"color: #999999;\">Gare TGV \u00e0 10mn<\/span><\/li><li><span style=\"color: #999999;\">Sortie A7 \u00e0 5mn<\/span><\/li><li><span style=\"color: #999999;\">Arr\u00eat Bus 30m<\/span><\/li><li>Centre de la France<\/li><\/ul><p><span style=\"color: #999999;\">De nombreux h\u00f4tels \u00e0 moins de 10 mn d\u2019Allo Buro n\u2019Co\u00a0<\/span><\/p>\t\t\t\t\t\t\t\t<\/div>\n\t\t\t\t<\/div>\n\t\t\t\t<div class=\"elementor-element elementor-element-e358e17 elementor-align-left elementor-mobile-align-center elementor-widget elementor-widget-button\" data-id=\"e358e17\" data-element_type=\"widget\" data-widget_type=\"button.default\">\n\t\t\t\t<div class=\"elementor-widget-container\">\n\t\t\t\t\t\t\t\t\t<div class=\"elementor-button-wrapper\">\n\t\t\t\t\t<a class=\"elementor-button elementor-size-md\" role=\"button\">\n\t\t\t\t\t\t<span class=\"elementor-button-content-wrapper\">\n\t\t\t\t\t\t<span class=\"elementor-button-icon\">\n\t\t\t\t<i aria-hidden=\"true\" class=\"fas fa-angle-double-right\"><\/i>\t\t\t<\/span>\n\t\t\t\t\t\t\t\t\t<span class=\"elementor-button-text\">Contact<\/span>\n\t\t\t\t\t<\/span>\n\t\t\t\t\t<\/a>\n\t\t\t\t<\/div>\n\t\t\t\t\t\t\t\t<\/div>\n\t\t\t\t<\/div>\n\t\t\t\t<div class=\"elementor-element elementor-element-d23ab12 elementor-shape-rounded elementor-grid-0 e-grid-align-center elementor-widget elementor-widget-social-icons\" data-id=\"d23ab12\" data-element_type=\"widget\" data-widget_type=\"social-icons.default\">\n\t\t\t\t<div class=\"elementor-widget-container\">\n\t\t\t\t\t\t\t<div class=\"elementor-social-icons-wrapper elementor-grid\" role=\"list\">\n\t\t\t\t\t\t\t<span class=\"elementor-grid-item\" role=\"listitem\">\n\t\t\t\t\t<a class=\"elementor-icon elementor-social-icon elementor-social-icon-facebook elementor-repeater-item-7004240\" href=\"https:\/\/www.facebook.com\/alloburonco\" target=\"_blank\">\n\t\t\t\t\t\t<span class=\"elementor-screen-only\">Facebook<\/span>\n\t\t\t\t\t\t<i class=\"fab fa-facebook\"><\/i>\t\t\t\t\t<\/a>\n\t\t\t\t<\/span>\n\t\t\t\t\t\t\t<span class=\"elementor-grid-item\" role=\"listitem\">\n\t\t\t\t\t<a class=\"elementor-icon elementor-social-icon elementor-social-icon-linkedin elementor-repeater-item-10c9ea4\" target=\"_blank\">\n\t\t\t\t\t\t<span class=\"elementor-screen-only\">Linkedin<\/span>\n\t\t\t\t\t\t<i class=\"fab fa-linkedin\"><\/i>\t\t\t\t\t<\/a>\n\t\t\t\t<\/span>\n\t\t\t\t\t\t\t<span class=\"elementor-grid-item\" role=\"listitem\">\n\t\t\t\t\t<a class=\"elementor-icon elementor-social-icon elementor-social-icon-instagram elementor-repeater-item-1cfc8e3\" href=\"https:\/\/www.instagram.com\/allo.buro.n.co\/?igshid=OGQ5ZDc2ODk2ZA%3D%3D\" target=\"_blank\">\n\t\t\t\t\t\t<span class=\"elementor-screen-only\">Instagram<\/span>\n\t\t\t\t\t\t<i class=\"fab fa-instagram\"><\/i>\t\t\t\t\t<\/a>\n\t\t\t\t<\/span>\n\t\t\t\t\t<\/div>\n\t\t\t\t\t\t<\/div>\n\t\t\t\t<\/div>\n\t\t\t\t\t<\/div>\n\t\t<\/div>\n\t\t\t\t<div class=\"elementor-column elementor-col-50 elementor-top-column elementor-element elementor-element-f6a1198\" data-id=\"f6a1198\" data-element_type=\"column\">\n\t\t\t<div class=\"elementor-widget-wrap elementor-element-populated\">\n\t\t\t\t\t\t<div class=\"elementor-element elementor-element-0d07a05 elementor-widget elementor-widget-heading\" data-id=\"0d07a05\" data-element_type=\"widget\" data-widget_type=\"heading.default\">\n\t\t\t\t<div class=\"elementor-widget-container\">\n\t\t\t\t\t<h2 class=\"elementor-heading-title elementor-size-default\">Nos solutions<\/h2>\t\t\t\t<\/div>\n\t\t\t\t<\/div>\n\t\t\t\t<div class=\"elementor-element elementor-element-841fb8f elementor-widget elementor-widget-text-editor\" data-id=\"841fb8f\" data-element_type=\"widget\" data-widget_type=\"text-editor.default\">\n\t\t\t\t<div class=\"elementor-widget-container\">\n\t\t\t\t\t\t\t\t\t<ul><li><span style=\"color: #ffffff;\"><a style=\"color: #ffffff;\" href=\"https:\/\/coworking-alloburonco.com\/index.php\/tarifs\/\">Bureau priv\u00e9<\/a><\/span><\/li><li><span style=\"color: #ffffff;\"><a style=\"color: #ffffff;\" href=\"https:\/\/coworking-alloburonco.com\/index.php\/tarifs\/\">Bureau priv\u00e9 partag\u00e9<\/a><\/span><\/li><li><span style=\"color: #ffffff;\"><a style=\"color: #ffffff;\" href=\"https:\/\/coworking-alloburonco.com\/index.php\/tarifs\/\">Coworking Nomade<\/a><\/span><\/li><li><span style=\"color: #ffffff;\"><a style=\"color: #ffffff;\" href=\"https:\/\/coworking-alloburonco.com\/index.php\/les-salles\/\">Salle de r\u00e9union &amp; Formation<\/a><\/span><\/li><li><span style=\"color: #ffffff;\"><a style=\"color: #ffffff;\" href=\"https:\/\/coworking-alloburonco.com\/index.php\/tarifs\/\">Amphith\u00e9\u00e2tre\u00a0<\/a><\/span><\/li><\/ul>\t\t\t\t\t\t\t\t<\/div>\n\t\t\t\t<\/div>\n\t\t\t\t<div class=\"elementor-element elementor-element-17620d3 elementor-widget elementor-widget-google_maps\" data-id=\"17620d3\" data-element_type=\"widget\" data-widget_type=\"google_maps.default\">\n\t\t\t\t<div class=\"elementor-widget-container\">\n\t\t\t\t\t\t\t<div class=\"elementor-custom-embed\">\n\t\t\t<iframe loading=\"lazy\"\n\t\t\t\t\tsrc=\"https:\/\/maps.google.com\/maps?q=13%20rue%20gaspard%20monge%20bourg%20les%20valence%20france&#038;t=m&#038;z=10&#038;output=embed&#038;iwloc=near\"\n\t\t\t\t\ttitle=\"13 rue gaspard monge bourg les valence france\"\n\t\t\t\t\taria-label=\"13 rue gaspard monge bourg les valence france\"\n\t\t\t><\/iframe>\n\t\t<\/div>\n\t\t\t\t\t\t<\/div>\n\t\t\t\t<\/div>\n\t\t\t\t\t<\/div>\n\t\t<\/div>\n\t\t\t\t\t<\/div>\n\t\t<\/section>\n\t\t\t\t<\/div>\n\t\t","protected":false},"excerpt":{"rendered":"<p>read more AS RENAISSANCE est n\u00e9 de tant de param\u00e8tres et de synchronicit\u00e9s\u00a0! Un papa aux mains d\u2019or, une passion pour le dessin et le bricolage, une formation d\u2019historienne de l\u2019Art et la brocante dans le sang, sont autant de signes annonciateurs de ce bel aboutissement.\u00a0 Dans un mas bicentenaire, une pi\u00e8ce d\u00e9di\u00e9e pleine d\u2019objets &hellip; <\/p>\n<p class=\"link-more\"><a href=\"https:\/\/coworking-alloburonco.com\/index.php\/as-renaissance\/\" class=\"more-link\">Continuer la lecture<span class=\"screen-reader-text\"> de &laquo;&nbsp;AS Renaissance&nbsp;&raquo;<\/span><\/a><\/p>\n","protected":false},"author":1,"featured_media":0,"parent":0,"menu_order":0,"comment_status":"closed","ping_status":"closed","template":"","meta":{"jetpack_post_was_ever_published":false,"footnotes":""},"class_list":["post-1870","page","type-page","status-publish","hentry"],"aioseo_notices":[],"jetpack_sharing_enabled":true,"_links":{"self":[{"href":"https:\/\/coworking-alloburonco.com\/index.php\/wp-json\/wp\/v2\/pages\/1870","targetHints":{"allow":["GET"]}}],"collection":[{"href":"https:\/\/coworking-alloburonco.com\/index.php\/wp-json\/wp\/v2\/pages"}],"about":[{"href":"https:\/\/coworking-alloburonco.com\/index.php\/wp-json\/wp\/v2\/types\/page"}],"author":[{"embeddable":true,"href":"https:\/\/coworking-alloburonco.com\/index.php\/wp-json\/wp\/v2\/users\/1"}],"replies":[{"embeddable":true,"href":"https:\/\/coworking-alloburonco.com\/index.php\/wp-json\/wp\/v2\/comments?post=1870"}],"version-history":[{"count":10,"href":"https:\/\/coworking-alloburonco.com\/index.php\/wp-json\/wp\/v2\/pages\/1870\/revisions"}],"predecessor-version":[{"id":1947,"href":"https:\/\/coworking-alloburonco.com\/index.php\/wp-json\/wp\/v2\/pages\/1870\/revisions\/1947"}],"wp:attachment":[{"href":"https:\/\/coworking-alloburonco.com\/index.php\/wp-json\/wp\/v2\/media?parent=1870"}],"curies":[{"name":"wp","href":"https:\/\/api.w.org\/{rel}","templated":true}]}}